{"id":97,"date":"2016-07-31T19:32:27","date_gmt":"2016-07-31T16:32:27","guid":{"rendered":"http:\/\/www.enmistemizlik.com\/?page_id=97"},"modified":"2024-01-03T15:17:36","modified_gmt":"2024-01-03T12:17:36","slug":"bodrolama-hizmeti-2","status":"publish","type":"page","link":"https:\/\/www.enmistemizlik.com\/index.php\/hizmetlerimiz\/bodrolama-hizmeti-2","title":{"rendered":"Bodrolama Hizmeti"},"content":{"rendered":"<p><strong><a href=\"https:\/\/www.enmistemizlik.com\/index.php\/hizmetlerimiz\/bodrolama-hizmeti-2\">Bodrolama Hizmeti<\/a><\/strong> Firmalar\u0131n normal kadrolar\u0131 d\u0131\u015f\u0131nda ihtiya\u00e7 duyduklar\u0131 personeli insan kaynaklar\u0131 \u015firketlerinden belirli bir s\u00fcre ile kiralamas\u0131d\u0131r. Yasal i\u015fveren s\u0131fat\u0131 Enmis Temizlik Hizmetlerine aittir.<\/p>\n<p>Bir i\u015fletmenin sunmay\u0131 d\u00fc\u015f\u00fcnd\u00fc\u011f\u00fc bir servisi kendi b\u00fcnyesinde \u00fcretmeyip, bu servisin yap\u0131lmas\u0131n\u0131 bu konuda uzmanla\u015fm\u0131\u015f olan ba\u015fka bir firmaya b\u0131rakmas\u0131d\u0131r. Bu \u015fekilde i\u015fletme istedi\u011fi kaliteyide uzmanla\u015fm\u0131\u015f firma sayesinde yakalam\u0131\u015f olur.<\/p>\n","protected":false},"excerpt":{"rendered":"<p>Bodrolama Hizmeti Firmalar\u0131n normal kadrolar\u0131 d\u0131\u015f\u0131nda ihtiya\u00e7 duyduklar\u0131 personeli insan kaynaklar\u0131 \u015firketlerinden belirli bir s\u00fcre ile kiralamas\u0131d\u0131r. Yasal i\u015fveren s\u0131fat\u0131 Enmis Temizlik Hizmetlerine aittir. Bir i\u015fletmenin sunmay\u0131 d\u00fc\u015f\u00fcnd\u00fc\u011f\u00fc bir servisi kendi b\u00fcnyesinde \u00fcretmeyip, bu servisin yap\u0131lmas\u0131n\u0131 bu konuda uzmanla\u015fm\u0131\u015f olan ba\u015fka bir firmaya b\u0131rakmas\u0131d\u0131r. Bu \u015fekilde i\u015fletme istedi\u011fi kaliteyide uzmanla\u015fm\u0131\u015f firma sayesinde yakalam\u0131\u015f olur.<\/p>\n","protected":false},"author":1,"featured_media":0,"parent":90,"menu_order":0,"comment_status":"closed","ping_status":"closed","template":"","meta":{"content-type":"","ngg_post_thumbnail":0,"footnotes":""},"_links":{"self":[{"href":"https:\/\/www.enmistemizlik.com\/index.php\/wp-json\/wp\/v2\/pages\/97"}],"collection":[{"href":"https:\/\/www.enmistemizlik.com\/index.php\/wp-json\/wp\/v2\/pages"}],"about":[{"href":"https:\/\/www.enmistemizlik.com\/index.php\/wp-json\/wp\/v2\/types\/page"}],"author":[{"embeddable":true,"href":"https:\/\/www.enmistemizlik.com\/index.php\/wp-json\/wp\/v2\/users\/1"}],"replies":[{"embeddable":true,"href":"https:\/\/www.enmistemizlik.com\/index.php\/wp-json\/wp\/v2\/comments?post=97"}],"version-history":[{"count":4,"href":"https:\/\/www.enmistemizlik.com\/index.php\/wp-json\/wp\/v2\/pages\/97\/revisions"}],"predecessor-version":[{"id":815,"href":"https:\/\/www.enmistemizlik.com\/index.php\/wp-json\/wp\/v2\/pages\/97\/revisions\/815"}],"up":[{"embeddable":true,"href":"https:\/\/www.enmistemizlik.com\/index.php\/wp-json\/wp\/v2\/pages\/90"}],"wp:attachment":[{"href":"https:\/\/www.enmistemizlik.com\/index.php\/wp-json\/wp\/v2\/media?parent=97"}],"curies":[{"name":"wp","href":"https:\/\/api.w.org\/{rel}","templated":true}]}}