{"id":92,"date":"2016-07-31T19:28:27","date_gmt":"2016-07-31T16:28:27","guid":{"rendered":"http:\/\/www.enmistemizlik.com\/?page_id=92"},"modified":"2024-01-03T15:17:36","modified_gmt":"2024-01-03T12:17:36","slug":"bina-temizlik","status":"publish","type":"page","link":"https:\/\/www.enmistemizlik.com\/index.php\/hizmetlerimiz\/bina-temizlik","title":{"rendered":"Bina Temizlik"},"content":{"rendered":"<p class=\"style2\"><a href=\"http:\/\/www.enmistemizlik.com\/wp-content\/uploads\/2016\/07\/bina_temizligi.jpg\"><img loading=\"lazy\" decoding=\"async\" class=\"size-medium wp-image-93 alignleft\" src=\"http:\/\/www.enmistemizlik.com\/wp-content\/uploads\/2016\/07\/bina_temizligi-300x218.jpg\" alt=\"bina_temizligi\" width=\"300\" height=\"218\" srcset=\"https:\/\/www.enmistemizlik.com\/wp-content\/uploads\/2016\/07\/bina_temizligi-300x218.jpg 300w, https:\/\/www.enmistemizlik.com\/wp-content\/uploads\/2016\/07\/bina_temizligi.jpg 500w\" sizes=\"(max-width: 300px) 100vw, 300px\" \/><\/a>Firmam\u0131z \u00f6zel kamu kurum, kurulu\u015flar\u0131na g\u00fcnl\u00fck, haftal\u0131k, ayl\u0131k periyodik temizlik hizmeti vererek, hijyenik ko\u015fullarda rahat ve huzurlu \u00e7al\u0131\u015fma ortamlar\u0131 sa\u011flamaktad\u0131r.<\/p>\n<p><strong>Ofis Temizli\u011fi Hizmetlerimiz<\/strong><\/p>\n<p>\u2022 Ofis genel temizli\u011fi<br \/>\n\u2022 WC banyo temizli\u011fi<br \/>\n\u2022 Bilgisayar temizli\u011fi<br \/>\n\u2022 S\u00fcp\u00fcrme, \u00e7\u00f6p toplama<br \/>\n\u2022 Cam ve <strong>d\u0131\u015f cephe cam temizli\u011fi<\/strong><br \/>\n\u2022 Ofis dezenfekte edilmesi<\/p>\n<p>\u0130nsan ya\u015fam\u0131n\u0131n b\u00fcy\u00fck bir b\u00f6l\u00fcm\u00fc binalarda ge\u00e7mektedir. Evlerimiz, \u00e7al\u0131\u015ft\u0131\u011f\u0131m\u0131z mekanlar, otel ve al\u0131\u015f-veri\u015f merkezleri, Hastaneler&#8230; <strong>Bina temizli\u011fi<\/strong> de i\u015fte bu nedenlerle \u00e7a\u011fda\u015f ya\u015fam\u0131n gere\u011fidir. Bina bak\u0131m ve temizli\u011fi i\u015fletmelerin ve idarecilerin prestiji a\u00e7\u0131s\u0131ndan da \u00e7ok \u00f6nemlidir. Bina temizli\u011fi, i\u015fletmelerin ilk ve \u00f6nemli izlenim yaratmas\u0131 a\u00e7\u0131s\u0131ndan da \u00f6nem ta\u015f\u0131maktad\u0131r. Bina temizli\u011fi k\u0131saca kak sert zeminler ve end\u00fcstriyel zeminler ile genel y\u00fczey ve tuvalet, banyo temizli\u011fini kapsar.<\/p>\n<p class=\"style2\"><strong>Enmis Temizlik<\/strong>&nbsp;bina temizlik ve hijyeninde sizin ihtiyac\u0131n\u0131za en uygun, en etkin, ekonomik \u00fcr\u00fcn ve sistemleri kullan\u0131r.<\/p>\n<p class=\"style2\">&nbsp;<\/p>\n","protected":false},"excerpt":{"rendered":"<p>Firmam\u0131z \u00f6zel kamu kurum, kurulu\u015flar\u0131na g\u00fcnl\u00fck, haftal\u0131k, ayl\u0131k periyodik temizlik hizmeti vererek, hijyenik ko\u015fullarda rahat ve huzurlu \u00e7al\u0131\u015fma ortamlar\u0131 sa\u011flamaktad\u0131r. Ofis Temizli\u011fi Hizmetlerimiz \u2022 Ofis genel temizli\u011fi \u2022 WC banyo temizli\u011fi \u2022 Bilgisayar temizli\u011fi \u2022 S\u00fcp\u00fcrme, \u00e7\u00f6p toplama \u2022 Cam ve d\u0131\u015f cephe cam temizli\u011fi \u2022 Ofis dezenfekte edilmesi \u0130nsan ya\u015fam\u0131n\u0131n b\u00fcy\u00fck bir b\u00f6l\u00fcm\u00fc binalarda&#8230;<\/p>\n","protected":false},"author":1,"featured_media":0,"parent":90,"menu_order":0,"comment_status":"closed","ping_status":"closed","template":"","meta":{"content-type":"","ngg_post_thumbnail":0,"footnotes":""},"_links":{"self":[{"href":"https:\/\/www.enmistemizlik.com\/index.php\/wp-json\/wp\/v2\/pages\/92"}],"collection":[{"href":"https:\/\/www.enmistemizlik.com\/index.php\/wp-json\/wp\/v2\/pages"}],"about":[{"href":"https:\/\/www.enmistemizlik.com\/index.php\/wp-json\/wp\/v2\/types\/page"}],"author":[{"embeddable":true,"href":"https:\/\/www.enmistemizlik.com\/index.php\/wp-json\/wp\/v2\/users\/1"}],"replies":[{"embeddable":true,"href":"https:\/\/www.enmistemizlik.com\/index.php\/wp-json\/wp\/v2\/comments?post=92"}],"version-history":[{"count":5,"href":"https:\/\/www.enmistemizlik.com\/index.php\/wp-json\/wp\/v2\/pages\/92\/revisions"}],"predecessor-version":[{"id":811,"href":"https:\/\/www.enmistemizlik.com\/index.php\/wp-json\/wp\/v2\/pages\/92\/revisions\/811"}],"up":[{"embeddable":true,"href":"https:\/\/www.enmistemizlik.com\/index.php\/wp-json\/wp\/v2\/pages\/90"}],"wp:attachment":[{"href":"https:\/\/www.enmistemizlik.com\/index.php\/wp-json\/wp\/v2\/media?parent=92"}],"curies":[{"name":"wp","href":"https:\/\/api.w.org\/{rel}","templated":true}]}}