{"id":90,"date":"2016-07-31T19:26:18","date_gmt":"2016-07-31T16:26:18","guid":{"rendered":"http:\/\/www.enmistemizlik.com\/?page_id=90"},"modified":"2024-01-17T16:37:49","modified_gmt":"2024-01-17T13:37:49","slug":"hizmetlerimiz","status":"publish","type":"page","link":"https:\/\/www.enmistemizlik.com\/index.php\/hizmetlerimiz","title":{"rendered":"Hizmetlerimiz"},"content":{"rendered":"<div id=\"cmsmasters_row_5077f74833\" class=\"cmsmasters_row cmsmasters_color_scheme_default cmsmasters_row_top_default cmsmasters_row_bot_default cmsmasters_row_boxed\">\n<div class=\"cmsmasters_row_outer_parent\">\n<div class=\"cmsmasters_row_outer\">\n<div class=\"cmsmasters_row_inner\">\n<div class=\"cmsmasters_row_margin\">\n<div id=\"cmsmasters_column_4d9fbee3b6\" class=\"cmsmasters_column one_first\">\n<div class=\"cmsmasters_column_inner\">\n<div id=\"cmsmasters_divider_g2kpd3f93e\" class=\"cl\"><\/div>\n<div class=\"cmsmasters_text\">\n<h2><strong>Hizmetlerimiz:<\/strong><\/h2>\n<\/div>\n<div id=\"cmsmasters_heading_281z7qu3a\" class=\"cmsmasters_heading_wrap cmsmasters_heading_align_left\" data-animation=\"fadeInRight\" data-delay=\"0\">\n\t<h5 class=\"cmsmasters_heading cmsmasters-icon-magic-1\">Farkl\u0131 i\u015f sekt\u00f6rlerindeki \u015firketlere Personel Temini Hizmeti sunma konusunda yetkinli\u011fe sahibiz. \u0130\u015f ak\u0131\u015f\u0131n\u0131z faaliyetlerinizi projelendiriyoruz.<\/h5>\n<\/div>\n<div id=\"cmsmasters_divider_7mkl50kqyr\" class=\"cmsmasters_divider cmsmasters_divider_width_long cmsmasters_divider_pos_center\"><\/div>\n<div id=\"portfolio_548e666dfd\" class=\"cmsmasters_wrap_portfolio entry-summary\" data-layout=\"grid\" data-layout-mode=\"perfect\" data-url=\"https:\/\/www.enmistemizlik.com\/wp-content\/plugins\/cmsmasters-content-composer\/\" data-orderby=\"date\" data-order=\"ASC\" data-count=\"50\" data-categories=\"hizmetlerimiz\" data-metadata=\"title,categories,rollover,icon\"><div class=\"portfolio grid large_gap perfect cmsmasters_3\"><!-- Start Project Grid Article -->\r\n<article id=\"post-13845\" class=\"cmsmasters_project_grid post-13845 project type-project status-publish format-standard has-post-thumbnail hentry pj-categs-hizmetlerimiz\" data-category=\"hizmetlerimiz\">\r\n\t<div class=\"project_outer\">\r\n\t<figure class=\"cmsmasters_img_rollover_wrap preloader\"><img loading=\"lazy\" decoding=\"async\" width=\"580\" height=\"360\" src=\"https:\/\/www.enmistemizlik.com\/wp-content\/uploads\/2016\/09\/gebze-personel-istihdam-580x360.jpg\" class=\"full-width wp-post-image\" alt=\"Gebze Personel \u0130stihdam\" title=\"Gebze Personel \u0130stihdam\" \/><div class=\"cmsmasters_img_rollover\"><a href=\"https:\/\/www.enmistemizlik.com\/index.php\/project\/secme-ve-yerlestirme\" title=\"Se\u00e7me ve Yerle\u015ftirme\" class=\"cmsmasters_open_post_link\"><span class=\"cmsmasters-icon-users\"><\/span><\/a><\/div><\/figure><div class=\"project_inner\"><header class=\"cmsmasters_project_header entry-header\"><h3 class=\"cmsmasters_project_title entry-title\"><a href=\"https:\/\/www.enmistemizlik.com\/index.php\/project\/secme-ve-yerlestirme\">Se\u00e7me ve Yerle\u015ftirme<\/a><\/h3><\/header><div class=\"cmsmasters_project_cont_info entry-meta\"><span class=\"cmsmasters_project_category\">In <a href=\"https:\/\/www.enmistemizlik.com\/index.php\/pj-categs\/hizmetlerimiz\" class=\"cmsmasters_cat_color cmsmasters_cat_770\" rel=\"category tag\">Hizmetlerimiz<\/a><\/span><\/div><\/div><span class=\"dn meta-date\">20160906135923<\/span>\t<\/div>\r\n<\/article>\r\n<!-- Finish Project Grid Article -->\r\n\r\n<!-- Start Project Grid Article -->\r\n<article id=\"post-14032\" class=\"cmsmasters_project_grid post-14032 project type-project status-publish format-standard has-post-thumbnail hentry pj-categs-hizmetlerimiz\" data-category=\"hizmetlerimiz\">\r\n\t<div class=\"project_outer\">\r\n\t<figure class=\"cmsmasters_img_rollover_wrap preloader\"><img loading=\"lazy\" decoding=\"async\" width=\"580\" height=\"360\" src=\"https:\/\/www.enmistemizlik.com\/wp-content\/uploads\/2016\/09\/gebze-personel-istihdam-1-1-580x360.jpg\" class=\"full-width wp-post-image\" alt=\"Toplu \u0130\u015fe Al\u0131m Dan\u0131\u015fmanl\u0131\u011f\u0131\" title=\"gebze-personel-istihdam-1\" \/><div class=\"cmsmasters_img_rollover\"><a href=\"https:\/\/www.enmistemizlik.com\/index.php\/project\/toplu-ise-alim-danismanligi\" title=\"Toplu \u0130\u015fe Al\u0131m Dan\u0131\u015fmanl\u0131\u011f\u0131\" class=\"cmsmasters_open_post_link\"><span class=\"cmsmasters-icon-users\"><\/span><\/a><\/div><\/figure><div class=\"project_inner\"><header class=\"cmsmasters_project_header entry-header\"><h3 class=\"cmsmasters_project_title entry-title\"><a href=\"https:\/\/www.enmistemizlik.com\/index.php\/project\/toplu-ise-alim-danismanligi\">Toplu \u0130\u015fe Al\u0131m Dan\u0131\u015fmanl\u0131\u011f\u0131<\/a><\/h3><\/header><div class=\"cmsmasters_project_cont_info entry-meta\"><span class=\"cmsmasters_project_category\">In <a href=\"https:\/\/www.enmistemizlik.com\/index.php\/pj-categs\/hizmetlerimiz\" class=\"cmsmasters_cat_color cmsmasters_cat_770\" rel=\"category tag\">Hizmetlerimiz<\/a><\/span><\/div><\/div><span class=\"dn meta-date\">20240117125422<\/span>\t<\/div>\r\n<\/article>\r\n<!-- Finish Project Grid Article -->\r\n\r\n<!-- Start Project Grid Article -->\r\n<article id=\"post-14034\" class=\"cmsmasters_project_grid post-14034 project type-project status-publish format-standard has-post-thumbnail hentry pj-categs-hizmetlerimiz\" data-category=\"hizmetlerimiz\">\r\n\t<div class=\"project_outer\">\r\n\t<figure class=\"cmsmasters_img_rollover_wrap preloader\"><img loading=\"lazy\" decoding=\"async\" width=\"580\" height=\"360\" src=\"https:\/\/www.enmistemizlik.com\/wp-content\/uploads\/2024\/01\/gebze-personel-istihdam-1-580x360.jpg\" class=\"full-width wp-post-image\" alt=\"D\u00f6nemsel Personel Tedari\u011fi\" title=\"gebze-personel-istihdam-1\" \/><div class=\"cmsmasters_img_rollover\"><a href=\"https:\/\/www.enmistemizlik.com\/index.php\/project\/donemsel-personel-tedarigi\" title=\"D\u00f6nemsel Personel Tedari\u011fi\" class=\"cmsmasters_open_post_link\"><span class=\"cmsmasters-icon-calendar-3\"><\/span><\/a><\/div><\/figure><div class=\"project_inner\"><header class=\"cmsmasters_project_header entry-header\"><h3 class=\"cmsmasters_project_title entry-title\"><a href=\"https:\/\/www.enmistemizlik.com\/index.php\/project\/donemsel-personel-tedarigi\">D\u00f6nemsel Personel Tedari\u011fi<\/a><\/h3><\/header><div class=\"cmsmasters_project_cont_info entry-meta\"><span class=\"cmsmasters_project_category\">In <a href=\"https:\/\/www.enmistemizlik.com\/index.php\/pj-categs\/hizmetlerimiz\" class=\"cmsmasters_cat_color cmsmasters_cat_770\" rel=\"category tag\">Hizmetlerimiz<\/a><\/span><\/div><\/div><span class=\"dn meta-date\">20240117130722<\/span>\t<\/div>\r\n<\/article>\r\n<!-- Finish Project Grid Article -->\r\n\r\n<!-- Start Project Grid Article -->\r\n<article id=\"post-14040\" class=\"cmsmasters_project_grid post-14040 project type-project status-publish format-standard has-post-thumbnail hentry pj-categs-hizmetlerimiz\" data-category=\"hizmetlerimiz\">\r\n\t<div class=\"project_outer\">\r\n\t<figure class=\"cmsmasters_img_rollover_wrap preloader\"><img loading=\"lazy\" decoding=\"async\" width=\"580\" height=\"360\" src=\"https:\/\/www.enmistemizlik.com\/wp-content\/uploads\/2024\/01\/gebze-personel-istihdam-3-580x360.jpg\" class=\"full-width wp-post-image\" alt=\"Mevzuat Dan\u0131\u015fmanl\u0131\u011f\u0131\" title=\"gebze-personel-istihdam\" \/><div class=\"cmsmasters_img_rollover\"><a href=\"https:\/\/www.enmistemizlik.com\/index.php\/project\/mevzuat-danismanligi\" title=\"Mevzuat Dan\u0131\u015fmanl\u0131\u011f\u0131\" class=\"cmsmasters_open_post_link\"><span class=\"cmsmasters-icon-chat\"><\/span><\/a><\/div><\/figure><div class=\"project_inner\"><header class=\"cmsmasters_project_header entry-header\"><h3 class=\"cmsmasters_project_title entry-title\"><a href=\"https:\/\/www.enmistemizlik.com\/index.php\/project\/mevzuat-danismanligi\">Mevzuat Dan\u0131\u015fmanl\u0131\u011f\u0131<\/a><\/h3><\/header><div class=\"cmsmasters_project_cont_info entry-meta\"><span class=\"cmsmasters_project_category\">In <a href=\"https:\/\/www.enmistemizlik.com\/index.php\/pj-categs\/hizmetlerimiz\" class=\"cmsmasters_cat_color cmsmasters_cat_770\" rel=\"category tag\">Hizmetlerimiz<\/a><\/span><\/div><\/div><span class=\"dn meta-date\">20240117132301<\/span>\t<\/div>\r\n<\/article>\r\n<!-- Finish Project Grid Article -->\r\n\r\n<!-- Start Project Grid Article -->\r\n<article id=\"post-14046\" class=\"cmsmasters_project_grid post-14046 project type-project status-publish format-standard has-post-thumbnail hentry pj-categs-hizmetlerimiz\" data-category=\"hizmetlerimiz\">\r\n\t<div class=\"project_outer\">\r\n\t<figure class=\"cmsmasters_img_rollover_wrap preloader\"><img loading=\"lazy\" decoding=\"async\" width=\"580\" height=\"360\" src=\"https:\/\/www.enmistemizlik.com\/wp-content\/uploads\/2024\/01\/gebze-personel-istihdam-2-1-580x360.jpg\" class=\"full-width wp-post-image\" alt=\"Y\u00f6netim Sistemleri Dan\u0131\u015fmanl\u0131\u011f\u0131\" title=\"gebze-personel-istihdam-2\" \/><div class=\"cmsmasters_img_rollover\"><a href=\"https:\/\/www.enmistemizlik.com\/index.php\/project\/yonetim-sistemleri-danismanligi\" title=\"Y\u00f6netim Sistemleri Dan\u0131\u015fmanl\u0131\u011f\u0131\" class=\"cmsmasters_open_post_link\"><span class=\"cmsmasters-icon-certificate\"><\/span><\/a><\/div><\/figure><div class=\"project_inner\"><header class=\"cmsmasters_project_header entry-header\"><h3 class=\"cmsmasters_project_title entry-title\"><a href=\"https:\/\/www.enmistemizlik.com\/index.php\/project\/yonetim-sistemleri-danismanligi\">Y\u00f6netim Sistemleri Dan\u0131\u015fmanl\u0131\u011f\u0131<\/a><\/h3><\/header><div class=\"cmsmasters_project_cont_info entry-meta\"><span class=\"cmsmasters_project_category\">In <a href=\"https:\/\/www.enmistemizlik.com\/index.php\/pj-categs\/hizmetlerimiz\" class=\"cmsmasters_cat_color cmsmasters_cat_770\" rel=\"category tag\">Hizmetlerimiz<\/a><\/span><\/div><\/div><span class=\"dn meta-date\">20240117133220<\/span>\t<\/div>\r\n<\/article>\r\n<!-- Finish Project Grid Article -->\r\n\r\n<!-- Start Project Grid Article -->\r\n<article id=\"post-14049\" class=\"cmsmasters_project_grid post-14049 project type-project status-publish format-standard has-post-thumbnail hentry pj-categs-hizmetlerimiz\" data-category=\"hizmetlerimiz\">\r\n\t<div class=\"project_outer\">\r\n\t<figure class=\"cmsmasters_img_rollover_wrap preloader\"><img loading=\"lazy\" decoding=\"async\" width=\"580\" height=\"360\" src=\"https:\/\/www.enmistemizlik.com\/wp-content\/uploads\/2024\/01\/gebze-temizlik-580x360.jpg\" class=\"full-width wp-post-image\" alt=\"End\u00fcstriyel &#038; Kurumsal Temizlik Hizmetleri\" title=\"gebze-temizlik\" \/><div class=\"cmsmasters_img_rollover\"><a href=\"https:\/\/www.enmistemizlik.com\/index.php\/project\/endustriyel-kurumsal-temizlik-hizmetleri\" title=\"End\u00fcstriyel &#038; Kurumsal Temizlik Hizmetleri\" class=\"cmsmasters_open_post_link\"><span class=\"cmsmasters-icon-water\"><\/span><\/a><\/div><\/figure><div class=\"project_inner\"><header class=\"cmsmasters_project_header entry-header\"><h3 class=\"cmsmasters_project_title entry-title\"><a href=\"https:\/\/www.enmistemizlik.com\/index.php\/project\/endustriyel-kurumsal-temizlik-hizmetleri\">End\u00fcstriyel &#038; Kurumsal Temizlik Hizmetleri<\/a><\/h3><\/header><div class=\"cmsmasters_project_cont_info entry-meta\"><span class=\"cmsmasters_project_category\">In <a href=\"https:\/\/www.enmistemizlik.com\/index.php\/pj-categs\/hizmetlerimiz\" class=\"cmsmasters_cat_color cmsmasters_cat_770\" rel=\"category tag\">Hizmetlerimiz<\/a><\/span><\/div><\/div><span class=\"dn meta-date\">20240117144219<\/span>\t<\/div>\r\n<\/article>\r\n<!-- Finish Project Grid Article -->\r\n\r\n<\/div><div class=\"cmsmasters_wrap_more_projects cmsmasters_wrap_more_items\"><\/div><\/div>\n<div id=\"cmsmasters_divider_hkzrufwo0a\" class=\"cl\"><\/div>\n<div id=\"cmsmasters_divider_sl1xfle7fk\" class=\"cmsmasters_divider cmsmasters_divider_width_long cmsmasters_divider_pos_center\"><\/div>\n<\/div><\/div>\n<\/div>\n<\/div>\n<\/div>\n<\/div>\n<\/div>\n\n","protected":false},"excerpt":{"rendered":"","protected":false},"author":1,"featured_media":0,"parent":0,"menu_order":0,"comment_status":"closed","ping_status":"closed","template":"","meta":{"content-type":"","ngg_post_thumbnail":0,"footnotes":""},"_links":{"self":[{"href":"https:\/\/www.enmistemizlik.com\/index.php\/wp-json\/wp\/v2\/pages\/90"}],"collection":[{"href":"https:\/\/www.enmistemizlik.com\/index.php\/wp-json\/wp\/v2\/pages"}],"about":[{"href":"https:\/\/www.enmistemizlik.com\/index.php\/wp-json\/wp\/v2\/types\/page"}],"author":[{"embeddable":true,"href":"https:\/\/www.enmistemizlik.com\/index.php\/wp-json\/wp\/v2\/users\/1"}],"replies":[{"embeddable":true,"href":"https:\/\/www.enmistemizlik.com\/index.php\/wp-json\/wp\/v2\/comments?post=90"}],"version-history":[{"count":5,"href":"https:\/\/www.enmistemizlik.com\/index.php\/wp-json\/wp\/v2\/pages\/90\/revisions"}],"predecessor-version":[{"id":14120,"href":"https:\/\/www.enmistemizlik.com\/index.php\/wp-json\/wp\/v2\/pages\/90\/revisions\/14120"}],"wp:attachment":[{"href":"https:\/\/www.enmistemizlik.com\/index.php\/wp-json\/wp\/v2\/media?parent=90"}],"curies":[{"name":"wp","href":"https:\/\/api.w.org\/{rel}","templated":true}]}}