{"id":744,"date":"2021-12-15T18:46:23","date_gmt":"2021-12-15T15:46:23","guid":{"rendered":"http:\/\/www.enmistemizlik.com\/?page_id=744"},"modified":"2024-01-03T15:17:33","modified_gmt":"2024-01-03T12:17:33","slug":"kvkk","status":"publish","type":"page","link":"https:\/\/www.enmistemizlik.com\/index.php\/kvkk","title":{"rendered":"KVKK"},"content":{"rendered":"<ul>\n<li><a href=\"https:\/\/www.enmistemizlik.com\/KVKK\/8.%20Ki%C5%9Fisel%20Verilerin%20Korunmas%C4%B1%20ve%20%C4%B0%C5%9Flenmesi%20Politikas%C4%B1.pdf\">KVKK Politikam\u0131z i\u00e7in t\u0131klay\u0131n\u0131z.<\/a><\/li>\n<li><a href=\"https:\/\/www.enmistemizlik.com\/KVKK\/11.%20M%C3%BC%C5%9Fteri%20Ayd%C4%B1nlatma%20Metni%20ve%20A%C3%A7%C4%B1k%20R%C4%B1za%20Beyan%C4%B1.pdf\">M\u00fc\u015fteri Ayd\u0131nlatma Metni i\u00e7in t\u0131klay\u0131n\u0131z.<\/a><\/li>\n<li><a href=\"https:\/\/www.enmistemizlik.com\/KVKK\/9.%20Ki%C5%9Fisel%20Veri%20Saklama%20ve%20%C4%B0mha%20Politikas%C4%B1-.pdf\">Saklama ve \u0130mha Politikas\u0131 i\u00e7in t\u0131klay\u0131n\u0131z.<\/a><\/li>\n<li><a href=\"https:\/\/www.enmistemizlik.com\/KVKK\/18.1%20Ki%C5%9Fisel%20Veri%20Sahibi%20Ba%C5%9Fvuru%20Formu.pdf\">\u0130lgili Ki\u015fi Ba\u015fvuru Formu i\u00e7in t\u0131klay\u0131n\u0131z.<\/a><\/li>\n<li><a href=\"https:\/\/www.enmistemizlik.com\/KVKK\/15.%20v2Cerez_Aydinlatma_Metni.pdf\">\u00c7erez Ayd\u0131nlatma Metni i\u00e7in t\u0131klay\u0131n\u0131z.<\/a><\/li>\n<li><a href=\"https:\/\/www.enmistemizlik.com\/KVKK\/16.1%20Kamera%20Kay%C4%B1t%20Sistemleri%20Ayd%C4%B1nlatma%20Metni.pdf\">Kamera Ayd\u0131nlatma Metni i\u00e7in t\u0131klay\u0131n\u0131z.<\/a><\/li>\n<\/ul>\n","protected":false},"excerpt":{"rendered":"<p>KVKK Politikam\u0131z i\u00e7in t\u0131klay\u0131n\u0131z. M\u00fc\u015fteri Ayd\u0131nlatma Metni i\u00e7in t\u0131klay\u0131n\u0131z. Saklama ve \u0130mha Politikas\u0131 i\u00e7in t\u0131klay\u0131n\u0131z. \u0130lgili Ki\u015fi Ba\u015fvuru Formu i\u00e7in t\u0131klay\u0131n\u0131z. \u00c7erez Ayd\u0131nlatma Metni i\u00e7in t\u0131klay\u0131n\u0131z. Kamera Ayd\u0131nlatma Metni i\u00e7in t\u0131klay\u0131n\u0131z.<\/p>\n","protected":false},"author":1,"featured_media":0,"parent":0,"menu_order":0,"comment_status":"closed","ping_status":"closed","template":"","meta":{"content-type":"","ngg_post_thumbnail":0,"footnotes":""},"_links":{"self":[{"href":"https:\/\/www.enmistemizlik.com\/index.php\/wp-json\/wp\/v2\/pages\/744"}],"collection":[{"href":"https:\/\/www.enmistemizlik.com\/index.php\/wp-json\/wp\/v2\/pages"}],"about":[{"href":"https:\/\/www.enmistemizlik.com\/index.php\/wp-json\/wp\/v2\/types\/page"}],"author":[{"embeddable":true,"href":"https:\/\/www.enmistemizlik.com\/index.php\/wp-json\/wp\/v2\/users\/1"}],"replies":[{"embeddable":true,"href":"https:\/\/www.enmistemizlik.com\/index.php\/wp-json\/wp\/v2\/comments?post=744"}],"version-history":[{"count":1,"href":"https:\/\/www.enmistemizlik.com\/index.php\/wp-json\/wp\/v2\/pages\/744\/revisions"}],"predecessor-version":[{"id":745,"href":"https:\/\/www.enmistemizlik.com\/index.php\/wp-json\/wp\/v2\/pages\/744\/revisions\/745"}],"wp:attachment":[{"href":"https:\/\/www.enmistemizlik.com\/index.php\/wp-json\/wp\/v2\/media?parent=744"}],"curies":[{"name":"wp","href":"https:\/\/api.w.org\/{rel}","templated":true}]}}