{"id":129,"date":"2016-08-03T09:47:34","date_gmt":"2016-08-03T06:47:34","guid":{"rendered":"http:\/\/www.enmistemizlik.com\/?page_id=129"},"modified":"2024-01-03T15:17:35","modified_gmt":"2024-01-03T12:17:35","slug":"personel-temini","status":"publish","type":"page","link":"https:\/\/www.enmistemizlik.com\/index.php\/hizmetlerimiz\/personel-temini","title":{"rendered":"Personel Temini"},"content":{"rendered":"<figure id=\"attachment_130\" aria-describedby=\"caption-attachment-130\" style=\"width: 300px\" class=\"wp-caption alignleft\"><a href=\"http:\/\/www.enmistemizlik.com\/wp-content\/uploads\/2016\/08\/gebze-sosyal-personel-temini.png\"><img loading=\"lazy\" decoding=\"async\" class=\"wp-image-130 size-full\" src=\"http:\/\/www.enmistemizlik.com\/wp-content\/uploads\/2016\/08\/gebze-sosyal-personel-temini.png\" alt=\"Personel Temini\" width=\"300\" height=\"300\" srcset=\"https:\/\/www.enmistemizlik.com\/wp-content\/uploads\/2016\/08\/gebze-sosyal-personel-temini.png 300w, https:\/\/www.enmistemizlik.com\/wp-content\/uploads\/2016\/08\/gebze-sosyal-personel-temini-150x150.png 150w\" sizes=\"(max-width: 300px) 100vw, 300px\" \/><\/a><figcaption id=\"caption-attachment-130\" class=\"wp-caption-text\">Personel Temini<\/figcaption><\/figure>\n<p class=\"western\">Enmis Temizlik&nbsp;Hizmetler <strong>Personel temini<\/strong> konusunda sizlerin ihtiyac\u0131,\u00e7al\u0131\u015fma alan\u0131na uygun kaliteli e\u011fitimli eleman bulundurmas\u0131 giydirilmesi bodrolamas\u0131 hizmeti sunmaktay\u0131z.<\/p>\n<p class=\"western\">Eleman arama konusunda zaman ve maliyetlerin d\u00fc\u015fmesi. Personel &nbsp;talebinize uygun olarak Enmis Temizlik&nbsp;Hizmetler taraf\u0131ndan temin edilir .\u0130ste\u011finiz do\u011frultusunda elemanlar giydirilir yaka kartlar\u0131 tak\u0131l\u0131r.\u0130\u015f \u00f6ncesi eleman\u0131n yap\u0131ca\u011f\u0131 i\u015fe uygun e\u011fitim ve seminer verilir.<\/p>\n<p class=\"western\">Elemanlar\u0131n y\u00f6nlendirilmesi sizin taraf\u0131n\u0131zdan yap\u0131l\u0131r. Personellerin tamam\u0131n\u0131n g\u00fcvenlik soru\u015fturmas\u0131-SSK- Eleman \u00f6zl\u00fck haklar\u0131- i\u015fe giri\u015f i\u015flemleri Enmis Temizlik&nbsp;Hizmetler&nbsp;taraf\u0131ndan yap\u0131l\u0131r.<\/p>\n<p class=\"western\">Enmis Temizlik Hizmetler hizmeti;<\/p>\n<p class=\"western\">S\u00f6zle\u015fmeli Personel&nbsp;&nbsp;<\/p>\n<p class=\"western\">S\u00f6zle\u015fmeli Temizlik Personeli<\/p>\n<p class=\"western\">G\u00fcvenlik Eleman\u0131 Temini<\/p>\n<p class=\"western\">Teknik servi Elemanlar\u0131<\/p>\n<p class=\"western\">Bah\u00e7e Bak\u0131m Elemanlar\u0131<\/p>\n<p class=\"western\">D\u0131\u015f cephe ve cam temizleme Eleman\u0131<\/p>\n<p class=\"western\">Part T\u0131me veya Fuul T\u0131me&nbsp;<\/p>\n","protected":false},"excerpt":{"rendered":"<p>Enmis Temizlik&nbsp;Hizmetler Personel temini konusunda sizlerin ihtiyac\u0131,\u00e7al\u0131\u015fma alan\u0131na uygun kaliteli e\u011fitimli eleman bulundurmas\u0131 giydirilmesi bodrolamas\u0131 hizmeti sunmaktay\u0131z. Eleman arama konusunda zaman ve maliyetlerin d\u00fc\u015fmesi. Personel &nbsp;talebinize uygun olarak Enmis Temizlik&nbsp;Hizmetler taraf\u0131ndan temin edilir .\u0130ste\u011finiz do\u011frultusunda elemanlar giydirilir yaka kartlar\u0131 tak\u0131l\u0131r.\u0130\u015f \u00f6ncesi eleman\u0131n yap\u0131ca\u011f\u0131 i\u015fe uygun e\u011fitim ve seminer verilir. Elemanlar\u0131n y\u00f6nlendirilmesi sizin taraf\u0131n\u0131zdan yap\u0131l\u0131r. Personellerin&#8230;<\/p>\n","protected":false},"author":1,"featured_media":0,"parent":90,"menu_order":0,"comment_status":"closed","ping_status":"closed","template":"","meta":{"content-type":"","ngg_post_thumbnail":0,"footnotes":""},"_links":{"self":[{"href":"https:\/\/www.enmistemizlik.com\/index.php\/wp-json\/wp\/v2\/pages\/129"}],"collection":[{"href":"https:\/\/www.enmistemizlik.com\/index.php\/wp-json\/wp\/v2\/pages"}],"about":[{"href":"https:\/\/www.enmistemizlik.com\/index.php\/wp-json\/wp\/v2\/types\/page"}],"author":[{"embeddable":true,"href":"https:\/\/www.enmistemizlik.com\/index.php\/wp-json\/wp\/v2\/users\/1"}],"replies":[{"embeddable":true,"href":"https:\/\/www.enmistemizlik.com\/index.php\/wp-json\/wp\/v2\/comments?post=129"}],"version-history":[{"count":6,"href":"https:\/\/www.enmistemizlik.com\/index.php\/wp-json\/wp\/v2\/pages\/129\/revisions"}],"predecessor-version":[{"id":814,"href":"https:\/\/www.enmistemizlik.com\/index.php\/wp-json\/wp\/v2\/pages\/129\/revisions\/814"}],"up":[{"embeddable":true,"href":"https:\/\/www.enmistemizlik.com\/index.php\/wp-json\/wp\/v2\/pages\/90"}],"wp:attachment":[{"href":"https:\/\/www.enmistemizlik.com\/index.php\/wp-json\/wp\/v2\/media?parent=129"}],"curies":[{"name":"wp","href":"https:\/\/api.w.org\/{rel}","templated":true}]}}