{"id":122,"date":"2016-08-03T09:39:15","date_gmt":"2016-08-03T06:39:15","guid":{"rendered":"http:\/\/www.enmistemizlik.com\/?page_id=122"},"modified":"2024-01-03T15:17:35","modified_gmt":"2024-01-03T12:17:35","slug":"mermer-ve-pvc-cila","status":"publish","type":"page","link":"https:\/\/www.enmistemizlik.com\/index.php\/hizmetlerimiz\/mermer-ve-pvc-cila","title":{"rendered":"Mermer ve PVC Cila"},"content":{"rendered":"<p><a href=\"http:\/\/www.enmistemizlik.com\/wp-content\/uploads\/2016\/08\/temizlik-19.jpeg\"><img loading=\"lazy\" decoding=\"async\" class=\"alignleft size-medium wp-image-664\" src=\"http:\/\/www.enmistemizlik.com\/wp-content\/uploads\/2016\/08\/temizlik-19-300x169.jpeg\" alt=\"temizlik-19\" width=\"300\" height=\"169\" srcset=\"https:\/\/www.enmistemizlik.com\/wp-content\/uploads\/2016\/08\/temizlik-19-300x169.jpeg 300w, https:\/\/www.enmistemizlik.com\/wp-content\/uploads\/2016\/08\/temizlik-19-768x432.jpeg 768w, https:\/\/www.enmistemizlik.com\/wp-content\/uploads\/2016\/08\/temizlik-19.jpeg 960w\" sizes=\"(max-width: 300px) 100vw, 300px\" \/><\/a><a href=\"http:\/\/www.enmistemizlik.com\/\">PVC cilalama<\/a>; uzmanl\u0131k isteyen bir i\u015f oldu\u011fu gibi, ayr\u0131nt\u0131s\u0131 da \u00e7ok fazlad\u0131r. Hizmet iyi yap\u0131lmad\u0131\u011f\u0131nda zeminlerde sararma, \u00e7izilme, kararma, zeminin cinsine g\u00f6re telafisi olmayacak sonu\u00e7lar\u0131 olabilir. G\u00fcn\u00fcm\u00fczde s\u0131radan petler ve aparatlar ile bu i\u015f ile daha \u00f6nce hi\u00e7 ilgisi olmam\u0131\u015f ki\u015filer hizmet verebiliyor. Oysaki durum hi\u00e7te basit de\u011fil. 2005\u00a0y\u0131l\u0131nda gitti\u011fimiz bir firmada pvc zemine teneke mum cila at\u0131ld\u0131\u011f\u0131n\u0131 g\u00f6rd\u00fck. Ve bu <a href=\"http:\/\/www.enmistemizlik.com\/\">cila<\/a>y\u0131 zeminden almam\u0131z \u00e7ok eziyetli idi. Cila s\u00f6k\u00fcc\u00fcler cilay\u0131 s\u00f6kt\u00fc fakat zeminden ar\u0131nd\u0131rmak \u00e7ok g\u00fc\u00e7 oldu. Sak\u0131z gibi ayaklar\u0131m\u0131za yap\u0131\u015fan bir madde halini ald\u0131 ve zeminden kaz\u0131yarak almak m\u00fcmk\u00fcn de\u011fildi. Cila hi\u00e7 bir zaman kaz\u0131yarak tam mekanik olarak al\u0131nmaz zaten. Kimyasal\u0131 ve kullan\u0131lan petleri iyi ayarlamak gerekmektedir.<\/p>\n<p>G\u00f6r\u00fcld\u00fc\u011f\u00fc gibi daha cila uygulamas\u0131na ba\u015flarken bile bu cilan\u0131n yar\u0131n bir g\u00fcn zeminden ar\u0131nd\u0131r\u0131lmas\u0131 d\u00fc\u015f\u00fcn\u00fclmelidir. Bunun yan\u0131 s\u0131ra baz\u0131 cilalar zemine at\u0131ld\u0131\u011f\u0131 zaman \u00e7ok parlak bir g\u00f6r\u00fcn\u00fcm sa\u011flar ama \u00f6zellikle iyi temizlik yap\u0131lmaz ise \u00e7abuk matla\u015fma olur.<\/p>\n<p>Pvc cilalar pahal\u0131d\u0131r ama iyi yap\u0131ld\u0131\u011f\u0131nda ek maliyet olu\u015fturmaz. \u00a0<strong><a href=\"http:\/\/www.enmistemizlik.com\/\">Temizlik firmas\u0131<\/a><\/strong> daha ucuz \u00fcr\u00fcn kullan\u0131m amac\u0131na gitmemelidir.<\/p>\n","protected":false},"excerpt":{"rendered":"<p>PVC cilalama; uzmanl\u0131k isteyen bir i\u015f oldu\u011fu gibi, ayr\u0131nt\u0131s\u0131 da \u00e7ok fazlad\u0131r. Hizmet iyi yap\u0131lmad\u0131\u011f\u0131nda zeminlerde sararma, \u00e7izilme, kararma, zeminin cinsine g\u00f6re telafisi olmayacak sonu\u00e7lar\u0131 olabilir. G\u00fcn\u00fcm\u00fczde s\u0131radan petler ve aparatlar ile bu i\u015f ile daha \u00f6nce hi\u00e7 ilgisi olmam\u0131\u015f ki\u015filer hizmet verebiliyor. Oysaki durum hi\u00e7te basit de\u011fil. 2005\u00a0y\u0131l\u0131nda gitti\u011fimiz bir firmada pvc zemine teneke&#8230;<\/p>\n","protected":false},"author":1,"featured_media":0,"parent":90,"menu_order":0,"comment_status":"closed","ping_status":"closed","template":"","meta":{"content-type":"","ngg_post_thumbnail":0,"footnotes":""},"_links":{"self":[{"href":"https:\/\/www.enmistemizlik.com\/index.php\/wp-json\/wp\/v2\/pages\/122"}],"collection":[{"href":"https:\/\/www.enmistemizlik.com\/index.php\/wp-json\/wp\/v2\/pages"}],"about":[{"href":"https:\/\/www.enmistemizlik.com\/index.php\/wp-json\/wp\/v2\/types\/page"}],"author":[{"embeddable":true,"href":"https:\/\/www.enmistemizlik.com\/index.php\/wp-json\/wp\/v2\/users\/1"}],"replies":[{"embeddable":true,"href":"https:\/\/www.enmistemizlik.com\/index.php\/wp-json\/wp\/v2\/comments?post=122"}],"version-history":[{"count":5,"href":"https:\/\/www.enmistemizlik.com\/index.php\/wp-json\/wp\/v2\/pages\/122\/revisions"}],"predecessor-version":[{"id":812,"href":"https:\/\/www.enmistemizlik.com\/index.php\/wp-json\/wp\/v2\/pages\/122\/revisions\/812"}],"up":[{"embeddable":true,"href":"https:\/\/www.enmistemizlik.com\/index.php\/wp-json\/wp\/v2\/pages\/90"}],"wp:attachment":[{"href":"https:\/\/www.enmistemizlik.com\/index.php\/wp-json\/wp\/v2\/media?parent=122"}],"curies":[{"name":"wp","href":"https:\/\/api.w.org\/{rel}","templated":true}]}}