{"id":112,"date":"2016-08-03T09:30:04","date_gmt":"2016-08-03T06:30:04","guid":{"rendered":"http:\/\/www.enmistemizlik.com\/?page_id=112"},"modified":"2024-01-03T15:17:36","modified_gmt":"2024-01-03T12:17:36","slug":"genel-temizlik","status":"publish","type":"page","link":"https:\/\/www.enmistemizlik.com\/index.php\/hizmetlerimiz\/genel-temizlik","title":{"rendered":"Genel Temizlik"},"content":{"rendered":"<figure id=\"attachment_113\" aria-describedby=\"caption-attachment-113\" style=\"width: 300px\" class=\"wp-caption alignleft\"><a href=\"http:\/\/www.enmistemizlik.com\/wp-content\/uploads\/2016\/08\/genel-temizlik.jpg\"><img loading=\"lazy\" decoding=\"async\" class=\"wp-image-113 size-medium\" src=\"http:\/\/www.enmistemizlik.com\/wp-content\/uploads\/2016\/08\/genel-temizlik-300x200.jpg\" alt=\"Genel Temizlik\" width=\"300\" height=\"200\" srcset=\"https:\/\/www.enmistemizlik.com\/wp-content\/uploads\/2016\/08\/genel-temizlik-300x200.jpg 300w, https:\/\/www.enmistemizlik.com\/wp-content\/uploads\/2016\/08\/genel-temizlik-768x512.jpg 768w, https:\/\/www.enmistemizlik.com\/wp-content\/uploads\/2016\/08\/genel-temizlik.jpg 800w\" sizes=\"(max-width: 300px) 100vw, 300px\" \/><\/a><figcaption id=\"caption-attachment-113\" class=\"wp-caption-text\"><strong><a href=\"https:\/\/enmis-temizlik-ve-sosyal-hizmetler.business.site\/\">Genel Temizlik<\/a><\/strong><\/figcaption><\/figure>\n<p><strong><a href=\"https:\/\/enmis-temizlik-ve-sosyal-hizmetler.business.site\/\">Genel Temizlik<\/a> \u0130\u015eYER\u0130 VE B\u00dcROLARDA GENEL TEM\u0130ZL\u0130K<\/strong><br \/>\nBilgisayar,hesap makinas\u0131,telefon cihazlar\u0131,bilgisayar,b\u00fcro e\u015fyalar\u0131 ve aksesuarlar\u0131n\u0131n temizlenmesi, Mermer,marley ve sert zeminlerin s\u00fcp\u00fcr\u00fcl\u00fcp paspas edilmesi(icap eden yerlerin y\u0131kanmas\u0131), Tuvalet,lavabo,fayanslar\u0131n ve soyunma odalar\u0131n\u0131n temizlenmesi, Aynalar,ara b\u00f6lmelerin camlar\u0131,kap\u0131 camlar\u0131 gibi g\u00fcnl\u00fck silinmesi gereken camlar\u0131n silinmesi, Hal\u0131 kapl\u0131 zeminlerin y\u00fcksek emme g\u00fcc\u00fcne sahip makinalarla temizlenmesi ve Bina Giri\u015f ve \u00e7evresinin temizlenmesi.<\/p>\n<p><strong>EV\u0130N\u0130ZDEK\u0130 GENEL TEM\u0130ZL\u0130KLER<\/strong><br \/>\nYerlerin vakumlanmas\u0131,\u00e7\u00f6plerin evden uzakla\u015ft\u0131r\u0131lmas\u0131,cam ve \u00e7er\u00e7evelerin silinmesi,mutfak dolaplar\u0131n\u0131n silinmesi , balkonlar\u0131n y\u0131kanmas\u0131 varsa camlar\u0131n\u0131n silinmesi,banyo,wc,lavabolar\u0131n temizlenmesi derzlerin temizlenmesi ve hijyeni sa\u011flanmas\u0131,varsa bak\u0131r,prin\u00e7,sar\u0131 \u00e7elik \u00fcr\u00fcnlerin parlat\u0131lmas\u0131,televizyon,pc, v.b \u015feylerin silinmesi gerekirse hal\u0131 koltuk silimi gerekirse hal\u0131lar\u0131n\u0131z evinizden al\u0131narak anla\u015fmal\u0131 oldu\u011fumuz hal\u0131 fabrikam\u0131zda y\u0131kanmas\u0131 duvardan duvara hal\u0131lar\u0131n\u0131z varsa silinmesi gerekirse yerinde hal\u0131 koltuk y\u0131kama ekibimiz ile y\u0131kanmas\u0131 i\u015flerini kapsamaktad\u0131r<\/p>\n","protected":false},"excerpt":{"rendered":"<p>Genel Temizlik \u0130\u015eYER\u0130 VE B\u00dcROLARDA GENEL TEM\u0130ZL\u0130K Bilgisayar,hesap makinas\u0131,telefon cihazlar\u0131,bilgisayar,b\u00fcro e\u015fyalar\u0131 ve aksesuarlar\u0131n\u0131n temizlenmesi, Mermer,marley ve sert zeminlerin s\u00fcp\u00fcr\u00fcl\u00fcp paspas edilmesi(icap eden yerlerin y\u0131kanmas\u0131), Tuvalet,lavabo,fayanslar\u0131n ve soyunma odalar\u0131n\u0131n temizlenmesi, Aynalar,ara b\u00f6lmelerin camlar\u0131,kap\u0131 camlar\u0131 gibi g\u00fcnl\u00fck silinmesi gereken camlar\u0131n silinmesi, Hal\u0131 kapl\u0131 zeminlerin y\u00fcksek emme g\u00fcc\u00fcne sahip makinalarla temizlenmesi ve Bina Giri\u015f ve \u00e7evresinin temizlenmesi. EV\u0130N\u0130ZDEK\u0130&#8230;<\/p>\n","protected":false},"author":1,"featured_media":0,"parent":90,"menu_order":0,"comment_status":"closed","ping_status":"closed","template":"","meta":{"content-type":"","ngg_post_thumbnail":0,"footnotes":""},"_links":{"self":[{"href":"https:\/\/www.enmistemizlik.com\/index.php\/wp-json\/wp\/v2\/pages\/112"}],"collection":[{"href":"https:\/\/www.enmistemizlik.com\/index.php\/wp-json\/wp\/v2\/pages"}],"about":[{"href":"https:\/\/www.enmistemizlik.com\/index.php\/wp-json\/wp\/v2\/types\/page"}],"author":[{"embeddable":true,"href":"https:\/\/www.enmistemizlik.com\/index.php\/wp-json\/wp\/v2\/users\/1"}],"replies":[{"embeddable":true,"href":"https:\/\/www.enmistemizlik.com\/index.php\/wp-json\/wp\/v2\/comments?post=112"}],"version-history":[{"count":3,"href":"https:\/\/www.enmistemizlik.com\/index.php\/wp-json\/wp\/v2\/pages\/112\/revisions"}],"predecessor-version":[{"id":777,"href":"https:\/\/www.enmistemizlik.com\/index.php\/wp-json\/wp\/v2\/pages\/112\/revisions\/777"}],"up":[{"embeddable":true,"href":"https:\/\/www.enmistemizlik.com\/index.php\/wp-json\/wp\/v2\/pages\/90"}],"wp:attachment":[{"href":"https:\/\/www.enmistemizlik.com\/index.php\/wp-json\/wp\/v2\/media?parent=112"}],"curies":[{"name":"wp","href":"https:\/\/api.w.org\/{rel}","templated":true}]}}