{"id":109,"date":"2016-08-03T09:27:25","date_gmt":"2016-08-03T06:27:25","guid":{"rendered":"http:\/\/www.enmistemizlik.com\/?page_id=109"},"modified":"2024-01-03T15:17:36","modified_gmt":"2024-01-03T12:17:36","slug":"ev-villa-temizlik-hizmetleri","status":"publish","type":"page","link":"https:\/\/www.enmistemizlik.com\/index.php\/hizmetlerimiz\/ev-villa-temizlik-hizmetleri","title":{"rendered":"Ev Villa Temizlik Hizmetleri"},"content":{"rendered":"<figure id=\"attachment_110\" aria-describedby=\"caption-attachment-110\" style=\"width: 400px\" class=\"wp-caption alignleft\"><a href=\"http:\/\/www.enmistemizlik.com\/wp-content\/uploads\/2016\/08\/ev-temizlik.jpg\"><img loading=\"lazy\" decoding=\"async\" class=\"wp-image-110 size-full\" src=\"http:\/\/www.enmistemizlik.com\/wp-content\/uploads\/2016\/08\/ev-temizlik.jpg\" alt=\"Ev Villa Temizlik Hizmetleri\" width=\"400\" height=\"315\" srcset=\"https:\/\/www.enmistemizlik.com\/wp-content\/uploads\/2016\/08\/ev-temizlik.jpg 400w, https:\/\/www.enmistemizlik.com\/wp-content\/uploads\/2016\/08\/ev-temizlik-300x236.jpg 300w\" sizes=\"(max-width: 400px) 100vw, 400px\" \/><\/a><figcaption id=\"caption-attachment-110\" class=\"wp-caption-text\">Ev Villa Temizlik Hizmetleri<\/figcaption><\/figure>\n<p>Basit usuller ile \u00fcstesinden kolayca gelinebilecek<a href=\"http:\/\/www.enmistemizlik.com\/\"> ev temizli\u011fi<\/a>, \u00f6nlem al\u0131nmaz ise kabus haline gelebiliyor. Ev tozlar\u0131, evin belli k\u0131s\u0131mlar\u0131na yuvalanma yapar ve bu noktalar s\u0131k temizlenmez ise temizli\u011fi yap\u0131lan k\u0131s\u0131mlara do\u011fru toz sirk\u00fclasyonu olu\u015fturur. Ortam her g\u00fcn temizlense bile bir \u015fey ifade etmez. Bu y\u00fczden en az ayda bir olmak \u00fczere, yatak bazalar\u0131n\u0131n, k\u00fc\u00e7\u00fck dolaplar\u0131n ve yerinden oynat\u0131labilir mobilyalar\u0131n \u00e7ekilip altlar\u0131ndaki tozun al\u0131nmas\u0131 gerekir. Bu i\u015flem tek ba\u015f\u0131na yap\u0131lacak bir i\u015f de\u011fildir. Ev han\u0131mlar\u0131n\u0131n ya da \u00e7al\u0131\u015fan bayanlar\u0131n en \u00e7ok sakatland\u0131klar\u0131 konular\u0131n ba\u015f\u0131nda <a href=\"https:\/\/enmis-temizlik-ve-sosyal-hizmetler.business.site\/\"><strong>ev temizli\u011fi<\/strong><\/a> gelmektedir. Islak zeminler ve ayak kaymas\u0131, mobilya \u00e7ekerken f\u0131t\u0131k olu\u015fmas\u0131, perde asarken sakatlanmak gibi bir y\u0131\u011f\u0131n kolay g\u00f6r\u00fcnen riskli i\u015f. Allerjik b\u00fcnyeli bayanlar\u0131n <strong>ev temizli\u011fi<\/strong> yapmas\u0131 zaten ba\u015fl\u0131 ba\u015f\u0131na risktir. Toz allerjisi olan ki\u015filer ille de ev temizli\u011fi yapacaksa a\u015f\u0131 ve baz\u0131 ila\u00e7lar\u0131n doktor nezaretinde kullan\u0131lmas\u0131 gerekmektedir.<\/p>\n<p>Ke\u015fke evler hep temiz kalsa, bayanlar da sporunu yapsa diyeceksiniz! Evet art\u0131k hayat daha kolay \u00c7ok vakit alan ev i\u015fleri kabus olmaktan \u00e7\u0131kt\u0131. Enmis&nbsp;<a href=\"http:\/\/www.enmistemizlik.com\/\">ev temizli\u011fi \u015firketi<\/a>, ayda bir dip k\u00f6\u015fe komple <strong>ev temizlik i\u015flerini<\/strong>, ekip halinde ve profesyonel olarak ger\u00e7ekle\u015ftirmektedir. Bu y\u00f6ntem ile temizlik 20 y\u0131ldan bu yana yap\u0131lmakta oldu\u011fu gibi \u00e7okta ra\u011fbet g\u00f6rmektedir.<br \/>\nHi\u00e7bir malzeme ve ekipman haz\u0131rlaman\u0131za gerek yok. Sadece i\u015f teslim saati son be\u015f dakikas\u0131nda bulunman\u0131z yeterli. T\u00fcm kimyasalllar, elektrik s\u00fcp\u00fcrgesi, end\u00fcstriyel buhar makineleri, sanayi tipi y\u00fcksek emi\u015fli kuru ve \u0131slak vakum makineleri, cam uzatma ve aletleri, koltuk ve hal\u0131 y\u0131kama makineleri, zemin f\u0131r\u00e7alama makineleri, cila makineleri ba\u015fta olmak \u00fczere ayda bir temizli\u011fe bile, bir ara\u00e7 dolusu malzeme gelinmektedir.<\/p>\n<p><strong>Temizlik \u015firketinden<\/strong> hizmet sat\u0131n al\u0131rken temizlik programlar\u0131n\u0131n daha \u00f6nceden haz\u0131rlanmas\u0131na dikkat edildi\u011fi takdirde, ofis ve evlerde ayn\u0131 personellerin \u00e7al\u0131\u015ft\u0131r\u0131lmas\u0131 sa\u011flanm\u0131\u015f olur. Temizlik talebinde bulunan ki\u015fi ve kurumlar\u0131n, iyi ve uzun vadeli bir temizlik \u015firketi ile y\u0131ll\u0131k program ve abonelik \u00e7izelgesi olu\u015fturmas\u0131nda hem hizmet kalitesi, hem de ekonomiklik a\u00e7\u0131s\u0131ndan fayda vard\u0131r. <a href=\"http:\/\/www.enmistemizlik.com\/\">Ev temizlik fiyatlar\u0131<\/a> i\u00e7in firmam\u0131zdan bilgi alabilirsiniz.<\/p>\n","protected":false},"excerpt":{"rendered":"<p>Basit usuller ile \u00fcstesinden kolayca gelinebilecek ev temizli\u011fi, \u00f6nlem al\u0131nmaz ise kabus haline gelebiliyor. Ev tozlar\u0131, evin belli k\u0131s\u0131mlar\u0131na yuvalanma yapar ve bu noktalar s\u0131k temizlenmez ise temizli\u011fi yap\u0131lan k\u0131s\u0131mlara do\u011fru toz sirk\u00fclasyonu olu\u015fturur. Ortam her g\u00fcn temizlense bile bir \u015fey ifade etmez. Bu y\u00fczden en az ayda bir olmak \u00fczere, yatak bazalar\u0131n\u0131n, k\u00fc\u00e7\u00fck dolaplar\u0131n&#8230;<\/p>\n","protected":false},"author":1,"featured_media":0,"parent":90,"menu_order":0,"comment_status":"closed","ping_status":"closed","template":"","meta":{"content-type":"","ngg_post_thumbnail":0,"footnotes":""},"_links":{"self":[{"href":"https:\/\/www.enmistemizlik.com\/index.php\/wp-json\/wp\/v2\/pages\/109"}],"collection":[{"href":"https:\/\/www.enmistemizlik.com\/index.php\/wp-json\/wp\/v2\/pages"}],"about":[{"href":"https:\/\/www.enmistemizlik.com\/index.php\/wp-json\/wp\/v2\/types\/page"}],"author":[{"embeddable":true,"href":"https:\/\/www.enmistemizlik.com\/index.php\/wp-json\/wp\/v2\/users\/1"}],"replies":[{"embeddable":true,"href":"https:\/\/www.enmistemizlik.com\/index.php\/wp-json\/wp\/v2\/comments?post=109"}],"version-history":[{"count":3,"href":"https:\/\/www.enmistemizlik.com\/index.php\/wp-json\/wp\/v2\/pages\/109\/revisions"}],"predecessor-version":[{"id":775,"href":"https:\/\/www.enmistemizlik.com\/index.php\/wp-json\/wp\/v2\/pages\/109\/revisions\/775"}],"up":[{"embeddable":true,"href":"https:\/\/www.enmistemizlik.com\/index.php\/wp-json\/wp\/v2\/pages\/90"}],"wp:attachment":[{"href":"https:\/\/www.enmistemizlik.com\/index.php\/wp-json\/wp\/v2\/media?parent=109"}],"curies":[{"name":"wp","href":"https:\/\/api.w.org\/{rel}","templated":true}]}}