{"id":106,"date":"2016-08-03T09:24:24","date_gmt":"2016-08-03T06:24:24","guid":{"rendered":"http:\/\/www.enmistemizlik.com\/?page_id=106"},"modified":"2024-01-03T15:17:36","modified_gmt":"2024-01-03T12:17:36","slug":"endustriyel-temizlik-hizmetleri","status":"publish","type":"page","link":"https:\/\/www.enmistemizlik.com\/index.php\/hizmetlerimiz\/endustriyel-temizlik-hizmetleri","title":{"rendered":"End\u00fcstriyel Temizlik Hizmetleri"},"content":{"rendered":"<figure id=\"attachment_107\" aria-describedby=\"caption-attachment-107\" style=\"width: 342px\" class=\"wp-caption alignleft\"><a href=\"http:\/\/www.enmistemizlik.com\/wp-content\/uploads\/2016\/08\/Endustriyel-Temizlik-Hizmetleri.jpg\"><img loading=\"lazy\" decoding=\"async\" class=\"wp-image-107\" src=\"http:\/\/www.enmistemizlik.com\/wp-content\/uploads\/2016\/08\/Endustriyel-Temizlik-Hizmetleri.jpg\" alt=\"Endustriyel Temizlik Hizmetleri\" width=\"342\" height=\"228\" srcset=\"https:\/\/www.enmistemizlik.com\/wp-content\/uploads\/2016\/08\/Endustriyel-Temizlik-Hizmetleri.jpg 900w, https:\/\/www.enmistemizlik.com\/wp-content\/uploads\/2016\/08\/Endustriyel-Temizlik-Hizmetleri-300x200.jpg 300w, https:\/\/www.enmistemizlik.com\/wp-content\/uploads\/2016\/08\/Endustriyel-Temizlik-Hizmetleri-768x512.jpg 768w\" sizes=\"(max-width: 342px) 100vw, 342px\" \/><\/a><figcaption id=\"caption-attachment-107\" class=\"wp-caption-text\">End\u00fcstriyel Temizlik Hizmetleri<\/figcaption><\/figure>\n<p><strong>End\u00fcstriyel Temizlik Hizmetleri<\/strong><\/p>\n<p>Fabrika, \u0130malat hane ve End\u00fcstriyel alanlar\u0131n <a href=\"http:\/\/www.enmistemizlik.com\/\">Genel temizlik hizmetleri<\/a>, profesyonel ekspertiz sonucu konusunda uzman kontrol\u00f6rlerimiz g\u00f6zetiminde yap\u0131larak, \u00e7al\u0131\u015fma ve i\u015f ortam\u0131na haz\u0131rlan\u0131r. Temizlik hizmetlerinin en zor uygulanabildi\u011fi end\u00fcstriyel alanlar, mekanik kir ve ya\u011f temizli\u011fi konusunda, i\u015finde uzman ekip ve etkili kimyasal deste\u011fi ile m\u00fcmk\u00fcnd\u00fcr. Enmis&nbsp;Temizlik Hizmetleri bu hususta da mevcut tecr\u00fcbeleri ve referanslar\u0131 ile siz de\u011ferli dostlar\u0131m\u0131za hizmet sunmaktan onur duyar.<\/p>\n","protected":false},"excerpt":{"rendered":"<p>End\u00fcstriyel Temizlik Hizmetleri Fabrika, \u0130malat hane ve End\u00fcstriyel alanlar\u0131n Genel temizlik hizmetleri, profesyonel ekspertiz sonucu konusunda uzman kontrol\u00f6rlerimiz g\u00f6zetiminde yap\u0131larak, \u00e7al\u0131\u015fma ve i\u015f ortam\u0131na haz\u0131rlan\u0131r. Temizlik hizmetlerinin en zor uygulanabildi\u011fi end\u00fcstriyel alanlar, mekanik kir ve ya\u011f temizli\u011fi konusunda, i\u015finde uzman ekip ve etkili kimyasal deste\u011fi ile m\u00fcmk\u00fcnd\u00fcr. Enmis&nbsp;Temizlik Hizmetleri bu hususta da mevcut tecr\u00fcbeleri ve&#8230;<\/p>\n","protected":false},"author":1,"featured_media":0,"parent":90,"menu_order":0,"comment_status":"closed","ping_status":"closed","template":"","meta":{"content-type":"","ngg_post_thumbnail":0,"footnotes":""},"_links":{"self":[{"href":"https:\/\/www.enmistemizlik.com\/index.php\/wp-json\/wp\/v2\/pages\/106"}],"collection":[{"href":"https:\/\/www.enmistemizlik.com\/index.php\/wp-json\/wp\/v2\/pages"}],"about":[{"href":"https:\/\/www.enmistemizlik.com\/index.php\/wp-json\/wp\/v2\/types\/page"}],"author":[{"embeddable":true,"href":"https:\/\/www.enmistemizlik.com\/index.php\/wp-json\/wp\/v2\/users\/1"}],"replies":[{"embeddable":true,"href":"https:\/\/www.enmistemizlik.com\/index.php\/wp-json\/wp\/v2\/comments?post=106"}],"version-history":[{"count":4,"href":"https:\/\/www.enmistemizlik.com\/index.php\/wp-json\/wp\/v2\/pages\/106\/revisions"}],"predecessor-version":[{"id":795,"href":"https:\/\/www.enmistemizlik.com\/index.php\/wp-json\/wp\/v2\/pages\/106\/revisions\/795"}],"up":[{"embeddable":true,"href":"https:\/\/www.enmistemizlik.com\/index.php\/wp-json\/wp\/v2\/pages\/90"}],"wp:attachment":[{"href":"https:\/\/www.enmistemizlik.com\/index.php\/wp-json\/wp\/v2\/media?parent=106"}],"curies":[{"name":"wp","href":"https:\/\/api.w.org\/{rel}","templated":true}]}}