{"id":103,"date":"2016-08-03T09:17:33","date_gmt":"2016-08-03T06:17:33","guid":{"rendered":"http:\/\/www.enmistemizlik.com\/?page_id=103"},"modified":"2024-01-03T15:17:36","modified_gmt":"2024-01-03T12:17:36","slug":"dis-cephe-cam-temizlik","status":"publish","type":"page","link":"https:\/\/www.enmistemizlik.com\/index.php\/hizmetlerimiz\/dis-cephe-cam-temizlik","title":{"rendered":"D\u0131\u015f Cephe Cam Temizli\u011fi"},"content":{"rendered":"<p><a href=\"http:\/\/www.enmistemizlik.com\/wp-content\/uploads\/2016\/08\/dis_cephe_cam_temizligi.jpg\"><img loading=\"lazy\" decoding=\"async\" class=\"size-full wp-image-104 alignleft\" src=\"http:\/\/www.enmistemizlik.com\/wp-content\/uploads\/2016\/08\/dis_cephe_cam_temizligi.jpg\" alt=\"dis_cephe_cam_temizligi\" width=\"400\" height=\"268\" srcset=\"https:\/\/www.enmistemizlik.com\/wp-content\/uploads\/2016\/08\/dis_cephe_cam_temizligi.jpg 400w, https:\/\/www.enmistemizlik.com\/wp-content\/uploads\/2016\/08\/dis_cephe_cam_temizligi-300x201.jpg 300w\" sizes=\"(max-width: 400px) 100vw, 400px\" \/><\/a>Gebze temizlik \u015firketi olarak, d\u0131\u015f cephe cam temizli\u011fi konusunda faaliyetlerimizi s\u00fcrd\u00fcr\u00fcyoruz. Her t\u00fcrl\u00fc g\u00f6kdelen, plaza cam ve d\u0131\u015f y\u00fczeylerinin vin\u00e7 veya asans\u00f6r ile temizli\u011fi yap\u0131lmaktad\u0131r.<\/p>\n<p>En Y\u00fcksekler Bile&nbsp;Mis Gibi!<\/p>\n<p>Her t\u00fcrl\u00fc <strong>d\u0131\u015f cephe cam temizli\u011fi hizmeti<\/strong> de yapan temizlik firmam\u0131z \u00f6ncelikle g\u00fcvenlik tedbirlerini g\u00f6zeterek hizmet vermektedir.<\/p>\n<p>Enmis&nbsp;cam temizlik firmas\u0131 siz de\u011ferli m\u00fc\u015fterilerimize sundu\u011fumuz hizmetlerin bir b\u00f6l\u00fcm\u00fc olan cam silimi, <strong>d\u0131\u015f cephe temizli\u011fi<\/strong> ve d\u0131\u015f cephe y\u0131kama i\u015flerinde de kalite ve m\u00fc\u015fteri memnuniyetinden asla taviz vermemektedir.<\/p>\n<p>Camc\u0131 personellerimiz A tipi i\u015f g\u00fcvenli\u011fi sertifikas\u0131na sahip olup y\u00fcksekte \u00e7al\u0131\u015fma e\u011fitimleri alm\u0131\u015flard\u0131r.<\/p>\n<p>\u00d6NEML\u0130: Baz\u0131 binalar\u0131n zamana kar\u015f\u0131 y\u0131pranmas\u0131n\u0131n yan\u0131 s\u0131ra yanl\u0131\u015f uygulamalardan zarar g\u00f6rd\u00fc\u011f\u00fcn\u00fc belirtmek isteriz. Kompositler asitik kimyasal ve mekanik zorlamadan dolay\u0131 y\u00fczey korumas\u0131n\u0131 kaybetti\u011fi gibi camlarda \u00e7izik i\u00e7inde kalabiliyor. Cephelerin de\u011fi\u015fimi \u00e7o\u011fu zaman m\u00fcmk\u00fcn de\u011fildir. O zaman cephelerimize iyi bakmam\u0131z laz\u0131m. Baz\u0131 kimyasallar devaml\u0131 kullan\u0131ld\u0131\u011f\u0131nda camlar\u0131 ve cepheleri daha da parlak ve g\u00f6z al\u0131c\u0131 hale getiriyor. \u00dcr\u00fcn ve uygulaman\u0131n do\u011frulu\u011fu zaman i\u00e7inde daha da kendini g\u00f6steriyor. Cam temizli\u011finin takibini bir yetkiliniz mutlaka yaps\u0131n ve m\u00fcmk\u00fcnse \u00e7ok fazla temizlik firmas\u0131 de\u011fi\u015ftirmeyin deriz.<\/p>\n","protected":false},"excerpt":{"rendered":"<p>Gebze temizlik \u015firketi olarak, d\u0131\u015f cephe cam temizli\u011fi konusunda faaliyetlerimizi s\u00fcrd\u00fcr\u00fcyoruz. Her t\u00fcrl\u00fc g\u00f6kdelen, plaza cam ve d\u0131\u015f y\u00fczeylerinin vin\u00e7 veya asans\u00f6r ile temizli\u011fi yap\u0131lmaktad\u0131r. En Y\u00fcksekler Bile&nbsp;Mis Gibi! Her t\u00fcrl\u00fc d\u0131\u015f cephe cam temizli\u011fi hizmeti de yapan temizlik firmam\u0131z \u00f6ncelikle g\u00fcvenlik tedbirlerini g\u00f6zeterek hizmet vermektedir. Enmis&nbsp;cam temizlik firmas\u0131 siz de\u011ferli m\u00fc\u015fterilerimize sundu\u011fumuz hizmetlerin bir&#8230;<\/p>\n","protected":false},"author":1,"featured_media":0,"parent":90,"menu_order":0,"comment_status":"closed","ping_status":"closed","template":"","meta":{"content-type":"","ngg_post_thumbnail":0,"footnotes":""},"_links":{"self":[{"href":"https:\/\/www.enmistemizlik.com\/index.php\/wp-json\/wp\/v2\/pages\/103"}],"collection":[{"href":"https:\/\/www.enmistemizlik.com\/index.php\/wp-json\/wp\/v2\/pages"}],"about":[{"href":"https:\/\/www.enmistemizlik.com\/index.php\/wp-json\/wp\/v2\/types\/page"}],"author":[{"embeddable":true,"href":"https:\/\/www.enmistemizlik.com\/index.php\/wp-json\/wp\/v2\/users\/1"}],"replies":[{"embeddable":true,"href":"https:\/\/www.enmistemizlik.com\/index.php\/wp-json\/wp\/v2\/comments?post=103"}],"version-history":[{"count":4,"href":"https:\/\/www.enmistemizlik.com\/index.php\/wp-json\/wp\/v2\/pages\/103\/revisions"}],"predecessor-version":[{"id":797,"href":"https:\/\/www.enmistemizlik.com\/index.php\/wp-json\/wp\/v2\/pages\/103\/revisions\/797"}],"up":[{"embeddable":true,"href":"https:\/\/www.enmistemizlik.com\/index.php\/wp-json\/wp\/v2\/pages\/90"}],"wp:attachment":[{"href":"https:\/\/www.enmistemizlik.com\/index.php\/wp-json\/wp\/v2\/media?parent=103"}],"curies":[{"name":"wp","href":"https:\/\/api.w.org\/{rel}","templated":true}]}}