{"id":100,"date":"2016-08-03T09:14:40","date_gmt":"2016-08-03T06:14:40","guid":{"rendered":"http:\/\/www.enmistemizlik.com\/?page_id=100"},"modified":"2024-01-03T15:17:36","modified_gmt":"2024-01-03T12:17:36","slug":"diger-temizlik-hizmetleri","status":"publish","type":"page","link":"https:\/\/www.enmistemizlik.com\/index.php\/hizmetlerimiz\/diger-temizlik-hizmetleri","title":{"rendered":"Di\u011fer Temizlik Hizmetleri"},"content":{"rendered":"<p><a href=\"http:\/\/www.enmistemizlik.com\/wp-content\/uploads\/2016\/08\/Temizlik-Hizmet1.jpg\"><img loading=\"lazy\" decoding=\"async\" class=\"alignnone wp-image-101\" src=\"http:\/\/www.enmistemizlik.com\/wp-content\/uploads\/2016\/08\/Temizlik-Hizmet1-1024x687.jpg\" alt=\"Temizlik-Hizmet1\" width=\"723\" height=\"485\" srcset=\"https:\/\/www.enmistemizlik.com\/wp-content\/uploads\/2016\/08\/Temizlik-Hizmet1-1024x687.jpg 1024w, https:\/\/www.enmistemizlik.com\/wp-content\/uploads\/2016\/08\/Temizlik-Hizmet1-300x201.jpg 300w, https:\/\/www.enmistemizlik.com\/wp-content\/uploads\/2016\/08\/Temizlik-Hizmet1-768x515.jpg 768w, https:\/\/www.enmistemizlik.com\/wp-content\/uploads\/2016\/08\/Temizlik-Hizmet1.jpg 1148w\" sizes=\"(max-width: 723px) 100vw, 723px\" \/><\/a><\/p>\n<p>&nbsp;<\/p>\n<p><a href=\"https:\/\/enmis-temizlik-ve-sosyal-hizmetler.business.site\/\"><strong>Di\u011fer Temizlik Hizmetleri<\/strong><\/a><\/p>\n<p>&nbsp;<\/p>\n<p>****&nbsp; \u00dcRET\u0130M ,<\/p>\n<p>**** &nbsp;MONAJ,<\/p>\n<p>**** &nbsp;SAHA ELEMANI<\/p>\n<p>**** &nbsp;TAHM\u0130L TAHL\u0130YE,<\/p>\n<p>**** &nbsp;SEKRETERL\u0130K,<\/p>\n<p>**** &nbsp;FORKL\u0130FT OPERAT\u00d6R\u00dc,<\/p>\n<p>**** &nbsp;KAYNAK\u00c7I,<\/p>\n<p>**** &nbsp;PAKETLEME,<\/p>\n<p>****&nbsp; SERV\u0130S PERSONEL\u0130<\/p>\n<p>&nbsp;<\/p>\n<p>Firmam\u0131z 2004 y\u0131l\u0131nda merkezinde kurulmu\u015f&nbsp;<strong><a href=\"https:\/\/enmis-temizlik-ve-sosyal-hizmetler.business.site\/\">Gebze Temizlik<\/a><\/strong>,&nbsp;<strong><a href=\"https:\/\/enmis-temizlik-ve-sosyal-hizmetler.business.site\/\">\u0130stanbul Temizlik,<\/a>&nbsp;<\/strong>ve&nbsp;<strong><a href=\"https:\/\/enmis-temizlik-ve-sosyal-hizmetler.business.site\/\">Sakarya temizlik<\/a><\/strong>&nbsp;<a href=\"https:\/\/enmis-temizlik-ve-sosyal-hizmetler.business.site\/\"><strong>\u015firketleri<\/strong>&nbsp;<\/a>aras\u0131nda hizmeti vermektedir, y\u0131llar\u0131n birikimi i\u015f tecr\u00fcbesi ile g\u00fcn\u00fcm\u00fcze kadar&nbsp;<strong><a href=\"https:\/\/enmis-temizlik-ve-sosyal-hizmetler.business.site\/\">temizlik hizmeti<\/a><\/strong>&nbsp;veren firmam\u0131z 12 y\u0131ll\u0131k i\u015f tecr\u00fcbesi ile amat\u00f6rl\u00fc\u011f\u00fcn\u00fc, profesyonelli\u011fe b\u0131rakarak&nbsp;<strong>Enmis&nbsp;<a href=\"https:\/\/enmis-temizlik-ve-sosyal-hizmetler.business.site\/\">temizlik \u015firketi<\/a><\/strong>&nbsp;olarak 2016 y\u0131l\u0131nda yeni yap\u0131lanma ile &nbsp;i\u015f g\u00fcc\u00fcn\u00fc artt\u0131rm\u0131\u015f, b\u00fcnyesine bir \u00e7ok&nbsp;<a href=\"https:\/\/enmis-temizlik-ve-sosyal-hizmetler.business.site\/\">temizlik makinesi<\/a>&nbsp;ve ekipman eklemi\u015ftir.&nbsp;<strong><a href=\"https:\/\/enmis-temizlik-ve-sosyal-hizmetler.business.site\/\">Gebze Temizlik Firmas\u0131<\/a><\/strong>&nbsp;olarak Firmam\u0131z Kocaeli, Gebze, Sakarya, ve \u0130stanbul b\u00f6lgelerinde profesyonel ekibimiz ile yerinde mobil temizlik hizmeti vermektedir.<\/p>\n","protected":false},"excerpt":{"rendered":"<p>&nbsp; Di\u011fer Temizlik Hizmetleri &nbsp; ****&nbsp; \u00dcRET\u0130M , **** &nbsp;MONAJ, **** &nbsp;SAHA ELEMANI **** &nbsp;TAHM\u0130L TAHL\u0130YE, **** &nbsp;SEKRETERL\u0130K, **** &nbsp;FORKL\u0130FT OPERAT\u00d6R\u00dc, **** &nbsp;KAYNAK\u00c7I, **** &nbsp;PAKETLEME, ****&nbsp; SERV\u0130S PERSONEL\u0130 &nbsp; Firmam\u0131z 2004 y\u0131l\u0131nda merkezinde kurulmu\u015f&nbsp;Gebze Temizlik,&nbsp;\u0130stanbul Temizlik,&nbsp;ve&nbsp;Sakarya temizlik&nbsp;\u015firketleri&nbsp;aras\u0131nda hizmeti vermektedir, y\u0131llar\u0131n birikimi i\u015f tecr\u00fcbesi ile g\u00fcn\u00fcm\u00fcze kadar&nbsp;temizlik hizmeti&nbsp;veren firmam\u0131z 12 y\u0131ll\u0131k i\u015f tecr\u00fcbesi ile amat\u00f6rl\u00fc\u011f\u00fcn\u00fc, profesyonelli\u011fe&#8230;<\/p>\n","protected":false},"author":1,"featured_media":0,"parent":90,"menu_order":0,"comment_status":"closed","ping_status":"closed","template":"","meta":{"content-type":"","ngg_post_thumbnail":0,"footnotes":""},"_links":{"self":[{"href":"https:\/\/www.enmistemizlik.com\/index.php\/wp-json\/wp\/v2\/pages\/100"}],"collection":[{"href":"https:\/\/www.enmistemizlik.com\/index.php\/wp-json\/wp\/v2\/pages"}],"about":[{"href":"https:\/\/www.enmistemizlik.com\/index.php\/wp-json\/wp\/v2\/types\/page"}],"author":[{"embeddable":true,"href":"https:\/\/www.enmistemizlik.com\/index.php\/wp-json\/wp\/v2\/users\/1"}],"replies":[{"embeddable":true,"href":"https:\/\/www.enmistemizlik.com\/index.php\/wp-json\/wp\/v2\/comments?post=100"}],"version-history":[{"count":4,"href":"https:\/\/www.enmistemizlik.com\/index.php\/wp-json\/wp\/v2\/pages\/100\/revisions"}],"predecessor-version":[{"id":768,"href":"https:\/\/www.enmistemizlik.com\/index.php\/wp-json\/wp\/v2\/pages\/100\/revisions\/768"}],"up":[{"embeddable":true,"href":"https:\/\/www.enmistemizlik.com\/index.php\/wp-json\/wp\/v2\/pages\/90"}],"wp:attachment":[{"href":"https:\/\/www.enmistemizlik.com\/index.php\/wp-json\/wp\/v2\/media?parent=100"}],"curies":[{"name":"wp","href":"https:\/\/api.w.org\/{rel}","templated":true}]}}