{"id":10,"date":"2016-07-26T21:44:23","date_gmt":"2016-07-26T18:44:23","guid":{"rendered":"http:\/\/www.enmistemizlik.com\/?page_id=10"},"modified":"2024-01-03T15:17:36","modified_gmt":"2024-01-03T12:17:36","slug":"gebzetemizlik","status":"publish","type":"page","link":"https:\/\/www.enmistemizlik.com\/index.php\/gebzetemizlik","title":{"rendered":"Gebze Temizlik \u015eirketi"},"content":{"rendered":"<p>Firmam\u0131z 2004 y\u0131l\u0131nda merkezinde kurulmu\u015f <strong>Gebze Temizlik<\/strong>, <strong>\u0130stanbul Temizlik, <\/strong>ve <strong>Sakarya temizlik<\/strong> <strong>\u015firketleri<\/strong> konular\u0131nda hizmet veriyor. Y\u0131llar\u0131n birikimi i\u015f tecr\u00fcbesi ile g\u00fcn\u00fcm\u00fcze kadar <strong>temizlik hizmeti<\/strong>&nbsp;veren firmam\u0131z 12 y\u0131ll\u0131k i\u015f tecr\u00fcbesi ile amat\u00f6rl\u00fc\u011f\u00fcn\u00fc, profesyonelli\u011fe b\u0131rakarak <strong>Enmis temizlik \u015firketi<\/strong> olarak 2016 y\u0131l\u0131nda yeni yap\u0131lanma ile &nbsp;i\u015f g\u00fcc\u00fcn\u00fc artt\u0131rm\u0131\u015f, b\u00fcnyesine bir \u00e7ok temizlik makinesi ve ekipman eklemi\u015ftir.<\/p>\n<p><strong>Gebze Temizlik Firmas\u0131<\/strong> olarak Firmam\u0131z Kocaeli, Gebze, Sakarya, ve \u0130stanbul b\u00f6lgelerinde profesyonel ekibimiz ile yerinde mobil temizlik hizmeti vermektedir.<\/p>\n","protected":false},"excerpt":{"rendered":"<p>Firmam\u0131z 2004 y\u0131l\u0131nda merkezinde kurulmu\u015f Gebze Temizlik, \u0130stanbul Temizlik, ve Sakarya temizlik \u015firketleri konular\u0131nda hizmet veriyor. Y\u0131llar\u0131n birikimi i\u015f tecr\u00fcbesi ile g\u00fcn\u00fcm\u00fcze kadar temizlik hizmeti&nbsp;veren firmam\u0131z 12 y\u0131ll\u0131k i\u015f tecr\u00fcbesi ile amat\u00f6rl\u00fc\u011f\u00fcn\u00fc, profesyonelli\u011fe b\u0131rakarak Enmis temizlik \u015firketi olarak 2016 y\u0131l\u0131nda yeni yap\u0131lanma ile &nbsp;i\u015f g\u00fcc\u00fcn\u00fc artt\u0131rm\u0131\u015f, b\u00fcnyesine bir \u00e7ok temizlik makinesi ve ekipman eklemi\u015ftir. Gebze&#8230;<\/p>\n","protected":false},"author":1,"featured_media":43,"parent":0,"menu_order":0,"comment_status":"closed","ping_status":"closed","template":"","meta":{"content-type":"","ngg_post_thumbnail":0,"footnotes":""},"_links":{"self":[{"href":"https:\/\/www.enmistemizlik.com\/index.php\/wp-json\/wp\/v2\/pages\/10"}],"collection":[{"href":"https:\/\/www.enmistemizlik.com\/index.php\/wp-json\/wp\/v2\/pages"}],"about":[{"href":"https:\/\/www.enmistemizlik.com\/index.php\/wp-json\/wp\/v2\/types\/page"}],"author":[{"embeddable":true,"href":"https:\/\/www.enmistemizlik.com\/index.php\/wp-json\/wp\/v2\/users\/1"}],"replies":[{"embeddable":true,"href":"https:\/\/www.enmistemizlik.com\/index.php\/wp-json\/wp\/v2\/comments?post=10"}],"version-history":[{"count":7,"href":"https:\/\/www.enmistemizlik.com\/index.php\/wp-json\/wp\/v2\/pages\/10\/revisions"}],"predecessor-version":[{"id":866,"href":"https:\/\/www.enmistemizlik.com\/index.php\/wp-json\/wp\/v2\/pages\/10\/revisions\/866"}],"wp:featuredmedia":[{"embeddable":true,"href":"https:\/\/www.enmistemizlik.com\/index.php\/wp-json\/wp\/v2\/media\/43"}],"wp:attachment":[{"href":"https:\/\/www.enmistemizlik.com\/index.php\/wp-json\/wp\/v2\/media?parent=10"}],"curies":[{"name":"wp","href":"https:\/\/api.w.org\/{rel}","templated":true}]}}